{"id":39,"date":"2019-04-26T14:49:45","date_gmt":"2019-04-26T14:49:45","guid":{"rendered":"http:\/\/www.museodeoropesadelmar.es\/wp\/?page_id=39"},"modified":"2025-02-28T21:00:44","modified_gmt":"2025-02-28T21:00:44","slug":"normas","status":"publish","type":"page","link":"http:\/\/www.museodeoropesadelmar.es\/wp\/normas\/","title":{"rendered":"Normas"},"content":{"rendered":"<p align=\"JUSTIFY\"><div class=\"tx-row \">\n<div class=\"tx-column tx-column-size-2-3\">\n<ul>\n<li>Los menores deben estar acompa\u00f1ados por un adulto.<\/li>\n<li>Los grupos escolares deber\u00e1n estar acompa\u00f1ados por su tutor\/a.<\/li>\n<li>No est\u00e1 permitida la entrada de animales dom\u00e9sticos.<\/li>\n<li>El \u00fanico animal que tiene acceso al recinto es el perro lazarillo o de asistencia con el correspondiente distintivo tal y como indica la ley de la Comunitat Valenciana 12\/2003 del 10 de abril.<\/li>\n<li>No est\u00e1 permitida la entrada de comida y\/o bebida al museo.<\/li>\n<li>No est\u00e1 permitido fumar.<\/li>\n<li>No est\u00e1 permitida la entrada en traje de ba\u00f1o o con el torso descubierto. Reservado el derecho de admisi\u00f3n.<\/li>\n<li>No est\u00e1 permitido fotografiar o filmar con fines profesionales sin autorizaci\u00f3n expresa de la empresa.<\/li>\n<li>No se devolver\u00e1 el importe de las entradas una vez adquiridas.<\/li>\n<li>El Museo se reserva el derecho a variar la programaci\u00f3n de actividades, proyecciones y\/o exhibiciones.<\/li>\n<li>El Museo no se hace responsable de la p\u00e9rdida de objetos en las instalaciones.<\/li>\n<li>No est\u00e1 permitido tocar o golpear las vitrinas y dem\u00e1s elementos expositivos.<\/li>\n<li>No est\u00e1 permitido la utilizaci\u00f3n del tel\u00e9fono m\u00f3vil en las salas.<\/li>\n<\/ul>\n<p align=\"JUSTIFY\"><\/div>\n<div class=\"tx-column tx-column-size-1-3\"><a href=\"http:\/\/www.museodeoropesadelmar.es\/wp\/wp-content\/uploads\/2019\/04\/Normas-1.jpg\"><img loading=\"lazy\" decoding=\"async\" class=\"size-medium wp-image-115 aligncenter\" src=\"http:\/\/www.museodeoropesadelmar.es\/wp\/wp-content\/uploads\/2019\/04\/Normas-1-300x300.jpg\" alt=\"\" width=\"300\" height=\"300\" srcset=\"http:\/\/www.museodeoropesadelmar.es\/wp\/wp-content\/uploads\/2019\/04\/Normas-1-300x300.jpg 300w, http:\/\/www.museodeoropesadelmar.es\/wp\/wp-content\/uploads\/2019\/04\/Normas-1-150x150.jpg 150w, http:\/\/www.museodeoropesadelmar.es\/wp\/wp-content\/uploads\/2019\/04\/Normas-1-768x768.jpg 768w, http:\/\/www.museodeoropesadelmar.es\/wp\/wp-content\/uploads\/2019\/04\/Normas-1.jpg 873w\" sizes=\"auto, (max-width: 300px) 100vw, 300px\" \/><\/a><\/div>\n<\/div>\n<p align=\"JUSTIFY\"><div class=\"tx-row tx-fullwidthrow tx-fwidth\" style=\"\"><div class=\"tx-fw-inner\" style=\"background-color: ; height: 300px; background-image: url(http:\/\/www.museodeoropesadelmar.es\/wp\/wp-content\/uploads\/2019\/04\/Tira.jpg); background-attachment: fixed; background-size: auto; \"><div class=\"tx-fw-overlay\" style=\"padding-bottom:0px; padding-top:0px; background-color: rgba(0,0,0,0.1);\"><div class=\"tx-fw-content\"><\/div><\/div><\/div><\/div>\n<p>&nbsp;<\/p>\n","protected":false},"excerpt":{"rendered":"<p>&nbsp;<\/p>\n","protected":false},"author":1,"featured_media":0,"parent":0,"menu_order":0,"comment_status":"closed","ping_status":"closed","template":"","meta":{"footnotes":""},"class_list":["post-39","page","type-page","status-publish","hentry"],"_links":{"self":[{"href":"http:\/\/www.museodeoropesadelmar.es\/wp\/wp-json\/wp\/v2\/pages\/39","targetHints":{"allow":["GET"]}}],"collection":[{"href":"http:\/\/www.museodeoropesadelmar.es\/wp\/wp-json\/wp\/v2\/pages"}],"about":[{"href":"http:\/\/www.museodeoropesadelmar.es\/wp\/wp-json\/wp\/v2\/types\/page"}],"author":[{"embeddable":true,"href":"http:\/\/www.museodeoropesadelmar.es\/wp\/wp-json\/wp\/v2\/users\/1"}],"replies":[{"embeddable":true,"href":"http:\/\/www.museodeoropesadelmar.es\/wp\/wp-json\/wp\/v2\/comments?post=39"}],"version-history":[{"count":2,"href":"http:\/\/www.museodeoropesadelmar.es\/wp\/wp-json\/wp\/v2\/pages\/39\/revisions"}],"predecessor-version":[{"id":268,"href":"http:\/\/www.museodeoropesadelmar.es\/wp\/wp-json\/wp\/v2\/pages\/39\/revisions\/268"}],"wp:attachment":[{"href":"http:\/\/www.museodeoropesadelmar.es\/wp\/wp-json\/wp\/v2\/media?parent=39"}],"curies":[{"name":"wp","href":"https:\/\/api.w.org\/{rel}","templated":true}]}}